{"id":1480,"date":"2015-10-19T09:00:43","date_gmt":"2015-10-19T09:00:43","guid":{"rendered":"http:\/\/grupocunado.com\/cunado-3"},"modified":"2026-02-16T12:30:34","modified_gmt":"2026-02-16T12:30:34","slug":"cunado","status":"publish","type":"page","link":"https:\/\/grupocunado.com\/en\/grupo-cunado-companies\/cunado","title":{"rendered":"CU\u00d1ADO"},"content":{"rendered":"[vc_row top_padding=&#8221;50&#8243; bottom_padding=&#8221;50&#8243;][vc_column width=&#8221;1\/4&#8243; el_class=&#8221;landingssidebar&#8221;]<div class=\"img-with-aniamtion-wrap left\"><img class=\"img-with-animation \" data-delay=\"0\" height=\"100%\" width=\"100%\" data-animation=\"fade-in\" src=\"\/wp-content\/uploads\/2016\/05\/logo-cunado-ok.png\" alt=\"\" \/><\/div><div style=\"margin-top: 10px; margin-bottom: 10px;\" class=\"divider-border\"><\/div><div class=\"iwithtext\"><div class=\"iwt-icon\">  <\/div><div class=\"iwt-text\"> \n<p><strong>Algeciras<\/strong><br \/>\n<strong>(+34) 95 678 63 63<\/strong><br \/>\n<a href=\"mailto:ventas.algeciras@grupocunado.com\" target=\"_blank\" rel=\"noopener\">ventas.algeciras@grupocunado.com<\/a> <\/div><div class=\"clear\"><\/div><\/div><div class=\"iwithtext\"><div class=\"iwt-icon\">  <\/div><div class=\"iwt-text\"> <strong>Barcelona<\/strong><\/p>\n<p><strong>(+34) 93 575 24 24<\/strong><br \/>\n<a href=\"mailto:ventas.barcelona@grupocunado.com\" target=\"_blank\" rel=\"noopener\">ventas.barcelona@grupocunado.com<\/a> <\/div><div class=\"clear\"><\/div><\/div><div class=\"iwithtext\"><div class=\"iwt-icon\">  <\/div><div class=\"iwt-text\"> <strong>Canarias<\/strong><\/p>\n<p><strong>(+34) 928 700 500<\/strong><br \/>\n<a href=\"mailto:ventas.canarias@grupocunado.com\" target=\"_blank\" rel=\"noopener\">ventas.canarias@grupocunado.com<\/a> <\/div><div class=\"clear\"><\/div><\/div><div class=\"iwithtext\"><div class=\"iwt-icon\">  <\/div><div class=\"iwt-text\"> <strong>Cartagena<\/strong><\/p>\n<p><strong>(+34) 96 814 75 14<\/strong><br \/>\n<a href=\"mailto:ventas.cartagena@grupocunado.com\" target=\"_blank\" rel=\"noopener\">ventas.cartagena@grupocunado.com<\/a> <\/div><div class=\"clear\"><\/div><\/div><div class=\"iwithtext\"><div class=\"iwt-icon\">  <\/div><div class=\"iwt-text\"> <strong>Galicia<\/strong><\/p>\n<p><strong>(+34) 98 634 26 06<\/strong><br \/>\n<a href=\"mailto:ventas.vigo@grupocunado.com\" target=\"_blank\" rel=\"noopener\">ventas.vigo@grupocunado.com<\/a> <\/div><div class=\"clear\"><\/div><\/div><div class=\"iwithtext\"><div class=\"iwt-icon\">  <\/div><div class=\"iwt-text\"> <strong>Gerona<\/strong><\/p>\n<p><strong>(+34) 97 217 00 03<\/strong><br \/>\n<a href=\"mailto:ventas.gerona@grupocunado.com\" target=\"_blank\" rel=\"noopener\">ventas.gerona@grupocunado.com<\/a> <\/div><div class=\"clear\"><\/div><\/div><div class=\"iwithtext\"><div class=\"iwt-icon\">  <\/div><div class=\"iwt-text\"> <strong>Gij\u00f3n<\/strong><\/p>\n<p><strong>(+34) 98 531 68 96<\/strong><br \/>\n<a href=\"mailto:ventas.gijon@grupocunado.com\" target=\"_blank\" rel=\"noopener\">ventas.gijon@grupocunado.com<\/a> <\/div><div class=\"clear\"><\/div><\/div><div class=\"iwithtext\"><div class=\"iwt-icon\">  <\/div><div class=\"iwt-text\"> <strong>Madrid<\/strong><\/p>\n<p><strong>(+34) 91 887 87 00<\/strong><br \/>\n<a href=\"mailto:ventas.madrid@grupocunado.com\" target=\"_blank\" rel=\"noopener\">ventas.madrid@grupocunado.com<\/a> <\/div><div class=\"clear\"><\/div><\/div><div class=\"iwithtext\"><div class=\"iwt-icon\">  <\/div><div class=\"iwt-text\"> <strong>Puertollano<\/strong><\/p>\n<p><strong>(+34)\u00a092 646 00 55<\/strong><br \/>\n<a href=\"mailto:ventas.puertollano@grupocunado.com\" target=\"_blank\" rel=\"noopener\">ventas.puertollano@grupocunado.com<\/a> <\/div><div class=\"clear\"><\/div><\/div><div class=\"iwithtext\"><div class=\"iwt-icon\">  <\/div><div class=\"iwt-text\"> <strong>Sevilla<\/strong><\/p>\n<p><strong>(+34)\u00a095 563 06 12<\/strong><br \/>\n<a href=\"mailto:ventas.sevilla@grupocunado.com\" target=\"_blank\" rel=\"noopener\">ventas.sevilla@grupocunado.com<\/a> <\/div><div class=\"clear\"><\/div><\/div><div class=\"iwithtext\"><div class=\"iwt-icon\">  <\/div><div class=\"iwt-text\"> <strong>Valencia<\/strong><\/p>\n<p><strong>(+34)\u00a096 181 92 00<\/strong><br \/>\n<a href=\"mailto:levante@grupocunado.com\" target=\"_blank\" rel=\"noopener\">Levante@grupocunado.com<\/a> <\/div><div class=\"clear\"><\/div><\/div><div class=\"iwithtext\"><div class=\"iwt-icon\">  <\/div><div class=\"iwt-text\"> <strong>Valladolid<\/strong><br \/>\n<strong>(+34) 628 573 494<\/strong><br \/>\n<a href=\"mailto:ventas.valladolid@grupocunado.com\" target=\"_blank\" rel=\"noopener\">ventas.valladolid@grupocunado.com<\/a> <\/div><div class=\"clear\"><\/div><\/div><div class=\"iwithtext\"><div class=\"iwt-icon\">  <\/div><div class=\"iwt-text\"> <strong>Vizcaya<\/strong><\/p>\n<p><strong>(+34)\u00a094 452 16 12<\/strong><br \/>\n<a href=\"mailto:ventas.bilbao@grupocunado.com\" target=\"_blank\" rel=\"noopener\">ventas.bilbao@grupocunado.com<\/a> <\/div><div class=\"clear\"><\/div><\/div><div class=\"iwithtext\"><div class=\"iwt-icon\">  <\/div><div class=\"iwt-text\"> <strong>Zaragoza<\/strong><\/p>\n<p><strong>(+34)\u00a097 618 52 58<\/strong><br \/>\n<a href=\"mailto:ventas.zaragoza@grupocunado.com\" target=\"_blank\" rel=\"noopener\">ventas.zaragoza@grupocunado.com<\/a> <\/div><div class=\"clear\"><\/div><\/div><div style=\"margin-top: 10px; margin-bottom: 10px;\" class=\"divider-border\"><\/div>[\/vc_column][vc_column width=&#8221;1\/2&#8243;][vc_column_text]<span class=\"rojo\">Cu\u00f1ado S.A.U.<\/span> es la empresa del Grupo, especializada en la distribuci\u00f3n de tuber\u00edas, v\u00e1lvulas y accesorios.<\/p>\n<p>This company is pioneer in this sector in Spain, as since it was founded, it has supplied pipes and accessories complete packets to all industrial sectors.<\/p>\n<p class=\"rojo\"><strong>SUPPLY FORMS, IN ALL DIAMETERS AND THICKNESS:<\/strong><\/p>\n<ul type=\"disc\">\n<li>WELDED PIPES<\/li>\n<li>PIPES WITHOUT WELDING<\/li>\n<li>BUTT WELDING ACCESSORIES<\/li>\n<li>FORGED ACCESSORIES<\/li>\n<li>ACCESSORIES FOR INSTRUMENTATION<\/li>\n<li>BRIDLES<\/li>\n<li>PANELS<\/li>\n<li>BARS<\/li>\n<li>PROFILES<\/li>\n<\/ul>\n<p class=\"rojo\"><strong>NORMS:<\/strong><\/p>\n<ul type=\"disc\">\n<li>ASME<\/li>\n<li>ASTM<\/li>\n<li>EN<\/li>\n<li>DIN, AFNOR, BS,ETC.<\/li>\n<\/ul>\n<p class=\"rojo\"><strong>QUALITY:<\/strong><\/p>\n<p class=\"rojo\"><strong>STAINLESS STEEL<\/strong>:<\/p>\n<ul type=\"disc\">\n<li>ALL ALLOYS<\/li>\n<li>DUPLEX<\/li>\n<\/ul>\n<p class=\"rojo\"><strong>HIGH NICKEL ALLOYS<\/strong>:<\/p>\n<ul type=\"disc\">\n<li>MONEL<\/li>\n<li>INCONEL<\/li>\n<li>INCOLOY<\/li>\n<li>HASTELLOY<\/li>\n<\/ul>\n<p class=\"rojo\"><strong>COPPER ALLOYS<\/strong> :<\/p>\n<ul type=\"disc\">\n<li>CUPRO NICKEL<\/li>\n<li>ADMIRALTY BRASS<\/li>\n<li>BRONZE<\/li>\n<\/ul>\n<p class=\"rojo\"><strong>SPECIAL ALLOYS:<\/strong><\/p>\n<ul type=\"disc\">\n<li>6MO<\/li>\n<li>904L<\/li>\n<\/ul>\n<p class=\"rojo\"><strong>TITANIUM<\/strong><\/p>\n<p class=\"rojo\"><strong>ALUMINIUM<\/strong><\/p>\n<p class=\"rojo\"><strong>WAREHOUSES:<\/strong><\/p>\n<p>Warehouses in all Spain. Please, consult \u2026\u2026<\/p>\n<p class=\"rojo\"><strong>CERTIFICATIONS:<\/strong><\/p>\n<ul type=\"disc\">\n<li>ISO 9001<\/li>\n<li>ISO 14001<\/li>\n<\/ul>\n<p><span class=\"rojo\">Website:<\/span> <a href=\"http:\/\/www.grupocunado.com\/\" target=\"_blank\" rel=\"noopener\">www.grupocunado.com<\/a>[\/vc_column_text][\/vc_column][vc_column width=&#8221;1\/4&#8243;][vc_widget_sidebar sidebar_id=&#8221;cs-2&#8243; title=&#8221;Grupo Cu\u00f1ado Companies&#8221;][\/vc_column][\/vc_row]\n","protected":false},"excerpt":{"rendered":"<p>[vc_row top_padding=&#8221;50&#8243; bottom_padding=&#8221;50&#8243;][vc_column width=&#8221;1\/4&#8243; el_class=&#8221;landingssidebar&#8221;][\/vc_column][vc_column width=&#8221;1\/2&#8243;][vc_column_text]Cu\u00f1ado S.A.U. es la empresa del Grupo, especializada en la distribuci\u00f3n de tuber\u00edas, v\u00e1lvulas y accesorios. This company is pioneer in this sector in Spain,<\/br> <a href=\"https:\/\/grupocunado.com\/en\/grupo-cunado-companies\/cunado\">+ Read more<\/a><\/p>\n","protected":false},"author":1,"featured_media":0,"parent":1517,"menu_order":0,"comment_status":"closed","ping_status":"closed","template":"","meta":[],"_links":{"self":[{"href":"https:\/\/grupocunado.com\/en\/wp-json\/wp\/v2\/pages\/1480"}],"collection":[{"href":"https:\/\/grupocunado.com\/en\/wp-json\/wp\/v2\/pages"}],"about":[{"href":"https:\/\/grupocunado.com\/en\/wp-json\/wp\/v2\/types\/page"}],"author":[{"embeddable":true,"href":"https:\/\/grupocunado.com\/en\/wp-json\/wp\/v2\/users\/1"}],"replies":[{"embeddable":true,"href":"https:\/\/grupocunado.com\/en\/wp-json\/wp\/v2\/comments?post=1480"}],"version-history":[{"count":14,"href":"https:\/\/grupocunado.com\/en\/wp-json\/wp\/v2\/pages\/1480\/revisions"}],"predecessor-version":[{"id":5823,"href":"https:\/\/grupocunado.com\/en\/wp-json\/wp\/v2\/pages\/1480\/revisions\/5823"}],"up":[{"embeddable":true,"href":"https:\/\/grupocunado.com\/en\/wp-json\/wp\/v2\/pages\/1517"}],"wp:attachment":[{"href":"https:\/\/grupocunado.com\/en\/wp-json\/wp\/v2\/media?parent=1480"}],"curies":[{"name":"wp","href":"https:\/\/api.w.org\/{rel}","templated":true}]}}