{"id":1924,"date":"2016-03-29T13:25:07","date_gmt":"2016-03-29T13:25:07","guid":{"rendered":"http:\/\/grupocunado.com\/en\/?page_id=1924"},"modified":"2021-01-21T13:04:19","modified_gmt":"2021-01-21T13:04:19","slug":"cuinter-cunado-intercontinental","status":"publish","type":"page","link":"https:\/\/grupocunado.com\/en\/grupo-cunado-companies\/cuinter-cunado-intercontinental","title":{"rendered":"CUINTER &#8211; Cu\u00f1ado Intercontinental"},"content":{"rendered":"[vc_row top_padding=&#8221;50&#8243; bottom_padding=&#8221;50&#8243;][vc_column width=&#8221;1\/4&#8243; el_class=&#8221;landingssidebar&#8221;]<div class=\"img-with-aniamtion-wrap left\"><img class=\"img-with-animation \" data-delay=\"0\" height=\"100%\" width=\"100%\" data-animation=\"fade-in\" src=\"https:\/\/grupocunado.com\/wp-content\/uploads\/2016\/03\/Cuinterlogo.png\" alt=\"Cuinter logo\" \/><\/div><div style=\"margin-top: 10px; margin-bottom: 10px;\" class=\"divider-border\"><\/div><div class=\"iwithtext\"><div class=\"iwt-icon\">  <\/div><div class=\"iwt-text\"> <strong class=\"rojo\">CU\u00d1ADO INTERCONTINENTAL S.A. (CUINTER)<\/strong><br \/>\nCalle Los Boldos N\u00ba 402<br \/>\nLampa \u2013 Santiago de Chile<br \/>\n<a href=\"mailto:mail@cunado.cl\">mail@cunado.cl<\/a><br \/>\n<strong>(+ 56) 2 2787 0300<\/strong> <\/div><div class=\"clear\"><\/div><\/div><div style=\"margin-top: 10px; margin-bottom: 10px;\" class=\"divider-border\"><\/div>[\/vc_column][vc_column width=&#8221;1\/2&#8243;][vc_column_text]<strong><span class=\"titulos\">CUINTER <\/span>&#8211; Cu\u00f1ado Intercontinental<\/strong><\/p>\n<p>Cu\u00f1ado Intercontinental S.A. (Cuinter), is the subsidiary of Cu\u00f1ado Group in Chile. Founded in 1994, Cuinter recognized the Chilean market as a strategic goal, due to its economic development within Mercosur, its political and financial stability and its reliability in international trade, which is exemplary in its geographical environment.<\/p>\n<p>The market expansion in the areas of mining, cellulose industry, petroleum, gasification plants, water treatment and renewable energy, leads us to be optimistic about the future in the Chilean market, and therefore to double our efforts to generate business opportunities within a framework of collaboration and commitment, with contributions based on our experience and know how, to optimize the execution of projects.<\/p>\n<p>To ensure the smooth operation in our supply chain, we have invested in a large-scale distribution center. In it we have extensive stock of carbon and stainless steel pipes, flanges, fittings and plates, and a full range of valves from leading global manufacturers.<br \/>\nWe also have strategic agreements with some of the most important manufacturers of pipes and fittings in Asia, Europe and the Americas, to meet the needs of your projects with the most efficient combination of price, time and quality.<\/p>\n<p>Our strength and main differentiation comes from being part of Cu\u00f1ado Group, which enables us to be the most competitive suppliers, based on four pillars:<\/p>\n<ul>\n<li><span class=\"rojo\">Experience:<\/span> Grupo Cu\u00f1ado has been present in the international market for over 45 years, supplying all types of industries and providing innovative solutions our customers.<\/li>\n<li><span class=\"rojo\">Reinvestment:<\/span> Continuous reinvestment has provided significant expansion in facilities, inventory and a financial strength.<\/li>\n<li><span class=\"rojo\">Quality Awareness:<\/span> Our companies were the first ones in our sector to be certified to ISO 9001 quality and ISO 14001 environmental standards.<\/li>\n<li><span class=\"rojo\">Product Know How:<\/span> Our Group publishes the most complete Technical Manuals of various products in the market.<\/li>\n<\/ul>\n<p>We invite you to meet us. We will help find the best solution for your requirements, with the experience of one of the leaders in the world.[\/vc_column_text][\/vc_column][vc_column width=&#8221;1\/4&#8243;][vc_widget_sidebar sidebar_id=&#8221;cs-2&#8243; title=&#8221;GRUPO CU\u00d1ADO COMPANIES&#8221;][\/vc_column][\/vc_row]\n","protected":false},"excerpt":{"rendered":"<p>[vc_row top_padding=&#8221;50&#8243; bottom_padding=&#8221;50&#8243;][vc_column width=&#8221;1\/4&#8243; el_class=&#8221;landingssidebar&#8221;][\/vc_column][vc_column width=&#8221;1\/2&#8243;][vc_column_text]CUINTER &#8211; Cu\u00f1ado Intercontinental Cu\u00f1ado Intercontinental S.A. (Cuinter), is the subsidiary of Cu\u00f1ado Group in Chile. Founded in 1994, Cuinter recognized the Chilean market as<\/br> <a href=\"https:\/\/grupocunado.com\/en\/grupo-cunado-companies\/cuinter-cunado-intercontinental\">+ Read more<\/a><\/p>\n","protected":false},"author":1,"featured_media":0,"parent":1517,"menu_order":0,"comment_status":"closed","ping_status":"closed","template":"","meta":[],"_links":{"self":[{"href":"https:\/\/grupocunado.com\/en\/wp-json\/wp\/v2\/pages\/1924"}],"collection":[{"href":"https:\/\/grupocunado.com\/en\/wp-json\/wp\/v2\/pages"}],"about":[{"href":"https:\/\/grupocunado.com\/en\/wp-json\/wp\/v2\/types\/page"}],"author":[{"embeddable":true,"href":"https:\/\/grupocunado.com\/en\/wp-json\/wp\/v2\/users\/1"}],"replies":[{"embeddable":true,"href":"https:\/\/grupocunado.com\/en\/wp-json\/wp\/v2\/comments?post=1924"}],"version-history":[{"count":7,"href":"https:\/\/grupocunado.com\/en\/wp-json\/wp\/v2\/pages\/1924\/revisions"}],"predecessor-version":[{"id":3990,"href":"https:\/\/grupocunado.com\/en\/wp-json\/wp\/v2\/pages\/1924\/revisions\/3990"}],"up":[{"embeddable":true,"href":"https:\/\/grupocunado.com\/en\/wp-json\/wp\/v2\/pages\/1517"}],"wp:attachment":[{"href":"https:\/\/grupocunado.com\/en\/wp-json\/wp\/v2\/media?parent=1924"}],"curies":[{"name":"wp","href":"https:\/\/api.w.org\/{rel}","templated":true}]}}