{"id":2435,"date":"2017-05-24T08:13:34","date_gmt":"2017-05-24T08:13:34","guid":{"rendered":"http:\/\/grupocunado.com\/en\/?page_id=2435"},"modified":"2018-04-10T12:00:43","modified_gmt":"2018-04-10T12:00:43","slug":"cumex","status":"publish","type":"page","link":"https:\/\/grupocunado.com\/en\/grupo-cunado-companies\/cumex","title":{"rendered":"CUMEX"},"content":{"rendered":"[vc_row top_padding=&#8221;50&#8243; bottom_padding=&#8221;50&#8243;][vc_column width=&#8221;1\/4&#8243; el_class=&#8221;landingssidebar&#8221;]<div class=\"img-with-aniamtion-wrap left\"><img class=\"img-with-animation \" data-delay=\"0\" height=\"100%\" width=\"100%\" data-animation=\"fade-in\" src=\"\/wp-content\/uploads\/2016\/05\/logo-cumex-ok.png\" alt=\"\" \/><\/div><div style=\"margin-top: 10px; margin-bottom: 10px;\" class=\"divider-border\"><\/div><div class=\"iwithtext\"><div class=\"iwt-icon\">  <\/div><div class=\"iwt-text\"> Plaza Polanco Corporativo<br \/>\nTorre A, Mezannine 4<br \/>\nAv Jaime Balmes 11,<br \/>\nColony Polanco-Los Morales<br \/>\nDelegation Miguel Hidalgo, CP 11550<br \/>\nMexico City &#8211; Mexico<br \/>\n<a href=\"mailto:cumex@cunadousa.com\">cumex@cunadousa.com<\/a><br \/>\n<strong>(+52) 55 5255 2783<\/strong><br \/>\n<strong>(+52) 55 5254 0405<\/strong> <\/div><div class=\"clear\"><\/div><\/div><div style=\"margin-top: 10px; margin-bottom: 10px;\" class=\"divider-border\"><\/div>[\/vc_column][vc_column width=&#8221;1\/2&#8243;][vc_column_text]<strong>CUMEX &#8211; Cu\u00f1ado M\u00e9xico<\/strong><\/p>\n<p>Since the firm was founded in July 23rd, 1996 in Mexico DF, Cu\u00f1ado M\u00e9xico, S.A. de C.V. \u2013 <strong>CUMEX <\/strong>has been supplying pipes, valves, flanges, fittings\u2026 in any type of steel, to the main industrial sectors such as chemical and petrochemical plants, refineries, power plants, metallurgical, siderometallurgical, paper, food industry, naval construction, gas, water treatment\u2026 both local and internationally.<\/p>\n<p>We provide the best alternative in any type of material, fabrication norm, depending on the type of service for which the requested material is intended. Our work philosophy is aimed at optimising our activities, basing our policy on continuous improvement and on the satisfaction of our Clients, offering them competitive prices and highly efficient delivery times.<\/p>\n<p>CUMEX, as subsidiary of GRUPO CU\u00d1ADO, offers its Clients the Integral Supply System, as an added value in Project management. This system is an excellent solution to optimize your management, and obtain the best profit for your investment.<\/p>\n<p>We focus on improving our customer service, meeting the highest quality standards in the administrative management, and the supply of our products.[\/vc_column_text][\/vc_column][vc_column width=&#8221;1\/4&#8243;][vc_widget_sidebar sidebar_id=&#8221;cs-2&#8243; title=&#8221;M\u00c1S EMPRESAS DEL GRUPO&#8221;][\/vc_column][\/vc_row]\n","protected":false},"excerpt":{"rendered":"<p>[vc_row top_padding=&#8221;50&#8243; bottom_padding=&#8221;50&#8243;][vc_column width=&#8221;1\/4&#8243; el_class=&#8221;landingssidebar&#8221;][\/vc_column][vc_column width=&#8221;1\/2&#8243;][vc_column_text]CUMEX &#8211; Cu\u00f1ado M\u00e9xico Since the firm was founded in July 23rd, 1996 in Mexico DF, Cu\u00f1ado M\u00e9xico, S.A. de C.V. \u2013 CUMEX has been<\/br> <a href=\"https:\/\/grupocunado.com\/en\/grupo-cunado-companies\/cumex\">+ Read more<\/a><\/p>\n","protected":false},"author":4,"featured_media":0,"parent":1517,"menu_order":0,"comment_status":"closed","ping_status":"closed","template":"","meta":[],"_links":{"self":[{"href":"https:\/\/grupocunado.com\/en\/wp-json\/wp\/v2\/pages\/2435"}],"collection":[{"href":"https:\/\/grupocunado.com\/en\/wp-json\/wp\/v2\/pages"}],"about":[{"href":"https:\/\/grupocunado.com\/en\/wp-json\/wp\/v2\/types\/page"}],"author":[{"embeddable":true,"href":"https:\/\/grupocunado.com\/en\/wp-json\/wp\/v2\/users\/4"}],"replies":[{"embeddable":true,"href":"https:\/\/grupocunado.com\/en\/wp-json\/wp\/v2\/comments?post=2435"}],"version-history":[{"count":7,"href":"https:\/\/grupocunado.com\/en\/wp-json\/wp\/v2\/pages\/2435\/revisions"}],"predecessor-version":[{"id":2997,"href":"https:\/\/grupocunado.com\/en\/wp-json\/wp\/v2\/pages\/2435\/revisions\/2997"}],"up":[{"embeddable":true,"href":"https:\/\/grupocunado.com\/en\/wp-json\/wp\/v2\/pages\/1517"}],"wp:attachment":[{"href":"https:\/\/grupocunado.com\/en\/wp-json\/wp\/v2\/media?parent=2435"}],"curies":[{"name":"wp","href":"https:\/\/api.w.org\/{rel}","templated":true}]}}