{"id":2449,"date":"2017-05-25T09:07:51","date_gmt":"2017-05-25T09:07:51","guid":{"rendered":"http:\/\/grupocunado.com\/en\/?page_id=2449"},"modified":"2023-09-19T08:31:56","modified_gmt":"2023-09-19T08:31:56","slug":"cac-cunado-asia","status":"publish","type":"page","link":"https:\/\/grupocunado.com\/en\/grupo-cunado-companies\/cac-cunado-asia","title":{"rendered":"CAC &#8211; Cu\u00f1ado Asia"},"content":{"rendered":"[vc_row top_padding=&#8221;50&#8243; bottom_padding=&#8221;50&#8243;][vc_column width=&#8221;1\/4&#8243; el_class=&#8221;landingssidebar&#8221;]<div class=\"img-with-aniamtion-wrap left\"><img class=\"img-with-animation \" data-delay=\"0\" height=\"100%\" width=\"100%\" data-animation=\"fade-in\" src=\"\/wp-content\/uploads\/2016\/05\/logo-cac-ok.png\" alt=\"\" \/><\/div><div style=\"margin-top: 10px; margin-bottom: 10px;\" class=\"divider-border\"><\/div><div class=\"iwithtext\"><div class=\"iwt-icon\">  <\/div><div class=\"iwt-text\"> <strong class=\"rojo\">CU\u00d1ADO ASIA CORPORATION <\/strong><br \/>\nRoom 1801, Tower A, Eton Place No.69<br \/>\nDongFang Road &#8211; Shanghai<br \/>\n<a href=\"mailto:jason.yao@grupocunado.com\">jason.yao@grupocunado.com<\/a><br \/>\n<strong>(+86) 21 2024 8130<\/strong><br \/>\n <\/div><div class=\"clear\"><\/div><\/div><div style=\"margin-top: 10px; margin-bottom: 10px;\" class=\"divider-border\"><\/div>[\/vc_column][vc_column width=&#8221;1\/2&#8243;][vc_column_text]<strong><span class=\"titulos\">CAC <\/span>&#8211; Cu\u00f1ado Asia<\/strong><\/p>\n<p>Cu\u00f1ado Asia Corporation (CAC) in one of the most active branches of GRUPO CU\u00d1ADO, as they are one of our Central Procurement Offices, which also includes a unique support in quality control service, expediting and logistics, in order to monitor and manage the complete supply in the most efficient way.\u00a0CAC is a leading company in the Piping Distribution area and project implementation (pipes, valves, fittings\u2026.) in a wide range of sectors, with particularly strong presence in the Oil&amp;Gas field.<\/p>\n<p>Our expertise and technical knowledge are at the heart of our success, so we can offer our Clients a wide range of possibilities for a better and efficient Project development.<\/p>\n<p>We want to underline their sophisticated logistics system development, as CAC offers to their Clients a Supply System, which is a decisive tool in Project management, as it enables us to control and monitor materials from design to their final delivery to jobsite.<\/p>\n<p>We know the products and we offer not only a complete supply from respected and high quality manufactures of piping products, but we also include a unique support in quality control service, expediting and logistics, in order to monitor and manage the complete supply in the most efficient way.\u00a0[\/vc_column_text][\/vc_column][vc_column width=&#8221;1\/4&#8243;][vc_widget_sidebar sidebar_id=&#8221;cs-2&#8243; title=&#8221;M\u00c1S EMPRESAS DEL GRUPO&#8221;][\/vc_column][\/vc_row]\n","protected":false},"excerpt":{"rendered":"<p>[vc_row top_padding=&#8221;50&#8243; bottom_padding=&#8221;50&#8243;][vc_column width=&#8221;1\/4&#8243; el_class=&#8221;landingssidebar&#8221;][\/vc_column][vc_column width=&#8221;1\/2&#8243;][vc_column_text]CAC &#8211; Cu\u00f1ado Asia Cu\u00f1ado Asia Corporation (CAC) in one of the most active branches of GRUPO CU\u00d1ADO, as they are one of our Central<\/br> <a href=\"https:\/\/grupocunado.com\/en\/grupo-cunado-companies\/cac-cunado-asia\">+ Read more<\/a><\/p>\n","protected":false},"author":4,"featured_media":0,"parent":1517,"menu_order":0,"comment_status":"closed","ping_status":"closed","template":"","meta":[],"_links":{"self":[{"href":"https:\/\/grupocunado.com\/en\/wp-json\/wp\/v2\/pages\/2449"}],"collection":[{"href":"https:\/\/grupocunado.com\/en\/wp-json\/wp\/v2\/pages"}],"about":[{"href":"https:\/\/grupocunado.com\/en\/wp-json\/wp\/v2\/types\/page"}],"author":[{"embeddable":true,"href":"https:\/\/grupocunado.com\/en\/wp-json\/wp\/v2\/users\/4"}],"replies":[{"embeddable":true,"href":"https:\/\/grupocunado.com\/en\/wp-json\/wp\/v2\/comments?post=2449"}],"version-history":[{"count":5,"href":"https:\/\/grupocunado.com\/en\/wp-json\/wp\/v2\/pages\/2449\/revisions"}],"predecessor-version":[{"id":4565,"href":"https:\/\/grupocunado.com\/en\/wp-json\/wp\/v2\/pages\/2449\/revisions\/4565"}],"up":[{"embeddable":true,"href":"https:\/\/grupocunado.com\/en\/wp-json\/wp\/v2\/pages\/1517"}],"wp:attachment":[{"href":"https:\/\/grupocunado.com\/en\/wp-json\/wp\/v2\/media?parent=2449"}],"curies":[{"name":"wp","href":"https:\/\/api.w.org\/{rel}","templated":true}]}}