{"id":2684,"date":"2017-08-07T10:30:29","date_gmt":"2017-08-07T10:30:29","guid":{"rendered":"http:\/\/grupocunado.com\/?page_id=2684"},"modified":"2020-04-24T12:35:53","modified_gmt":"2020-04-24T12:35:53","slug":"legal-advice","status":"publish","type":"page","link":"https:\/\/grupocunado.com\/en\/legal-advice","title":{"rendered":"Legal Advice"},"content":{"rendered":"[vc_row][vc_column]<div style=\"height: 40px;\" class=\"divider\"><\/div>[vc_column_text]\n<h2 style=\"text-align: center;\"><strong>LEGAL NOTICE AND PRIVACY POLICY<\/strong><\/h2>\n<h4>1.- Objective and acceptance<\/h4>\n<p>This legal notice regulates the use of the website <a href=\"http:\/\/www.grupocunado.es\">www.grupocunado.es<\/a> which offers you GRUPO CU\u00d1ADO ESPA\u00d1A and email address <a href=\"mailto:rgpd@grupocunado.es\">rgpd@grupocunado.es<\/a><\/p>\n<p>GRUPO CU\u00d1ADO ESPA\u00d1A its include the following companies in Spain CEMIDE S.L.\u00a0 CIF B28376184 \u00a0&#8211; COMERCIAL DE TUBOS S.A. CIF A28224822 CU\u00d1ADO S.A.U. CIF A79187423 CU\u00d1ADO INTERNACIONAL S.A.U. A28867109 &#8211; IBERICA DE VALVULAS S.A.U. CIF A28351906 \u2013 EDIFICIOS Y NAVES DE ALCALA S.L.U CIF B28424463 SERVICIO LOGISTICO CU\u00d1ADO S.A. CIF A83797076 addressed at C\/ CAMINO DEL OLIVAR, 2 (ESQ. C\/ MEXICO) \u2013 28806 ALCALA DE HENARES \u2013 MADRID\u00a0 &amp; WELHEADS ENGINEERING S.L.U. CIF B50923457 addressed at Autov\u00eda de Zaragoza a Logro\u00f1o Km. 13 Pol\u00edgono Industrial El \u00c1guila UTEBO (ZARAGOZA)<\/p>\n<p>The companies outside Spain are FLABOFORM\u00a0GMBH (ALEMANIA) &#8211; EMPRESA COMERCIALIZADORA CU\u00d1ADO BOLIVIA S.A. (BOLIVIA) &#8211; CU\u00d1ADO CANADA LTD (CANADA) &#8211; CU\u00d1ADO INTERCONTINENTAL S.A. (CHILE) &#8211; SHANGHAI CAC COMMERCIAL CO. LTD. (CHINA) &#8211; CU\u00d1ADO COLOMBIA, S.A.S \u00a0(COLOMBIA) &#8211; CU\u00d1ADO MEXICO S.A. (MEXICO) &#8211; RAGEN S.A. (PERU) &#8211; CU\u00d1ADO PERU S.A. (PERU) &#8211; FLABOFORM\u00a0(POLONIA) &#8211; COMERCIAL DE TUBOS E ACESS\u00d3RIOS LDA. (PORTUGAL) &#8211; FLABOFORM\u00a0 (REPUBLICA CHECA) &#8211; CU\u00d1ADO BORU SANAYI VE TICARET LIMITED SIRKETI &#8211; CU\u00d1ADO GROUP (TURQUIA) &#8211; ITF INC (HOUSTON\u00a0 USA) &#8211; OMEGA INDUSTRIAL SUPPLIERS INC. (LOUISIANA USA) &#8211; CU\u00d1ADO VENEZUELA (VENEZUELA) &#8211; SERVIZIO LOGISTICO CU\u00d1ADO S.R.L.\u00a0(ITALIA) &#8211; INTERNATIONAL TUBES AND FITTINGS MEXICO S.A. (MEXICO) &#8211; CU\u00d1ADO SOUTH AFRICA PTY LTD (SUDAFRICA) &#8211; CU\u00d1ADO PIPING &amp; VALVES FZE (EMIRATOS ARABES UNIDOS) &#8211; CU\u00d1ADO CANADA LTD CALGARY (CANADA) &#8211; CU\u00d1ADO AND SINCERITY JAPAN CO LTD (JAPON.<\/p>\n<p>The navigation through the website of <a href=\"http:\/\/www.grupocunado.es\">www.grupocunado.es<\/a> attributes the condition of user thereof and implies full and unreserved acceptance of each and every one of the provisions included in this Legal Notice, which may be modified.<\/p>\n<p>The user undertakes to make correct use of the website in accordance with the laws, good faith, public order, the uses of traffic and this Legal Notice. The user will respond to GRUPO CU\u00d1ADO ESPA\u00d1A or to third parts, for any damages that may be caused as a result of breach of this obligation.<\/p>\n<h4>2.- Legal information<\/h4>\n<p>According to Art. 10 of Law 34\/2002, of July 11, Services of the Information Society and Electronic Commerce (LSSI-CE) and Law 56\/2007, of December 28, Measures to Promote the Information Society, it is informed that this website, <a href=\"http:\/\/www.grupocunado.es\">www.grupocunado.es<\/a> belongs to CU\u00d1ADO, S.A.U\u00a0 C.I.F.\u00a0 A79187423 addressed at C\/ CAMINO DEL OLIVAR, 2 (ESQ. C\/ MEXICO) \u2013 28806 ALCALA DE HENARES \u2013 MADRID (SPAIN) fully registered at Registro Mercantil de Madrid, Tomo 9735 General 8.4.30, Secci\u00f3n 3\u00aa, Folio 74444.<\/p>\n<p>The website and its services are free and open access, however, GRUPO CU\u00d1ADO ESPA\u00d1A conditions the use of some of the services offered on its website to the prior completion of the corresponding form. The user guarantees the authenticity and timeliness of all data that communicates GRUPO CU\u00d1ADO ESPA\u00d1A and will be solely responsible for false or inaccurate statements made.<\/p>\n<h4>3.- Conditions of access and use<\/h4>\n<p>The user expressly agrees to make appropriate use of GRUPO CU\u00d1ADO ESPA\u00d1A content and services and not to use them for, among others:<\/p>\n<ol>\n<li>Disseminate content, criminal, violent, pornographic, racist, xenophobic, offensive, advocating terrorism or, in general, contrary to law or public order.<\/li>\n<li>Introduce computer viruses in the network or perform actions that may alter, spoil, interrupt or generate errors or damage electronic documents, data or physical and logical systems of GRUPO CU\u00d1ADO ESPA\u00d1A or third parts; as well as hinder the access of other users to the website and its services through the massive consumption of computer resources through which GRUPO CU\u00d1ADO ESPA\u00d1A provides its services.<\/li>\n<li>Attempt to access the email accounts of other users or to restricted areas of GRUPO CU\u00d1ADO ESPA\u00d1A or third-party computer systems and, where appropriate, extract information.<\/li>\n<li>Violate the rights of intellectual or industrial property, as well as violate the confidentiality of the information of GRUPO CU\u00d1ADO ESPA\u00d1A or of third parts.<\/li>\n<li>Impersonate the identity of another user, public administrations or a third part.<\/li>\n<li>It is forbidden to stablish frames of any kind that surround the page or allow the display of its contents through Internet addresses other than those of the page and, in any case, this prohibition also includes displaying them together with content outside the page, so that:Produce an error, confusion or deceit in the users about the true origin of the contents.Suppose an act of comparison or unfair imitation.Serves to take advantage of the reputation of the brand and the prestige of GRUPO CU\u00d1ADO ESPA\u00d1A.<\/li>\n<li>Reproducing, copying, distributing, making available or otherwise publicly communicating, transforming or modifying the contents, unless you have the authorization of the owner of the corresponding rights or it is legally permitted.<\/li>\n<li>Collect data for advertising purposes and to send advertising of any kind and communications for sale or other commercial purposes without your prior request or consent.<\/li>\n<li>It won\u00b4t be expressed on the page where the link is located that GRUPO CU\u00d1ADO ESPA\u00d1A, has given its consent for the insertion of the link or that otherwise sponsors, collaborates, verifies or supervises the services of the sender.<\/li>\n<\/ol>\n<h4>4.- Exclusion of guarantees and responsibility<\/h4>\n<p>The content of this website is of a general nature and has a merely informative purpose, without fully guaranteeing access to all content, or its completeness, correctness, validity or currency, or its suitability or usefulness for a specific purpose. GRUPO CU\u00d1ADO ESPA\u00d1A excludes, to the extent permitted by the legal system, any responsibility for damages of any kind arising from:<\/p>\n<ol>\n<li>The impossibility of accessing the website or the lack of veracity, accuracy, completeness and \/ or timeliness of the contents, as well as the existence of vices and defects of all kinds of the contents transmitted, disseminated, stored, made available to those that have been accessed through the website or the services offered.<\/li>\n<li>The presence of viruses or other elements in the contents that may cause alterations in computer systems, electronic documents or user data.<\/li>\n<li>Failure to comply with the laws, good faith, public order, traffic uses and this legal notice as a consequence of the incorrect use of the website. In particular, and as an example, GRUPO CU\u00d1ADO ESPA\u00d1A is not responsible for the actions of third parties that violate intellectual and industrial property rights, business secrets, rights to honor, personal and family privacy and to the image itself, as well as the regulations on of unfair competition and illicit advertising.<\/li>\n<\/ol>\n<p>Also, GRUPO CU\u00d1ADO ESPA\u00d1A declines any responsibility regarding the information that is outside this web and is not managed directly by our webmaster. The function of the links that appear on this website is exclusively to inform the user about the existence of other sources likely to expand the content offered by this website <a href=\"http:\/\/www.grupocunado.es\">www.grupocunado.es<\/a> does not guarantee or be responsible for the functioning or accessibility of the linked sites; nor suggests, invites or recommends the visit to them, so it will not be responsible for the result. GRUPO CU\u00d1ADO ESPA\u00d1A is not responsible for the establishment of hyperlinks by third parts.<\/p>\n<p>GRUPO CU\u00d1ADO ESPA\u00d1A Informs you that this page does not have a virus or spyware.<\/p>\n<p>If you choose to leave our website through links to websites not belonging to our entity, GRUPO CU\u00d1ADO ESPA\u00d1A will not be responsible for the privacy policies of these websites or the cookies they may store on the user&#8217;s computer.<\/p>\n<h4>5.- Data protection.<\/h4>\n<p>In accordance with the provisions of Regulation (EU) 2016\/679 of the European Parliament and of the council of April 27, 2016 regarding the protection of individuals with regard to the processing of personal data, we inform you that the data of personal nature, voluntarily collected in the form of this web or email and accept your shipment, is authorizing them to be incorporated into a file owned by GRUPO CU\u00d1ADO ESPA\u00d1A.<\/p>\n<p>GRUPO CU\u00d1ADO ESPA\u00d1A strictly complies with the duty of secrecy of personal data and the treatment of them confidentially, assuming, for these purposes, the technical, organizational and security measures necessary to avoid their alteration, loss, treatment or access not authorized. GRUPO CU\u00d1ADO ESPA\u00d1A is totally exempt from any responsibility if the information provided voluntarily, is incomplete, untrue or unrealistic by the USERS of this website: <a href=\"http:\/\/www.grupocunado.es\">www.grupocunado.es<\/a> GRUPO CU\u00d1ADO ESPA\u00d1A undertakes not to assign, sell, or share the data with third parts without your express approval.<\/p>\n<p>GRUPO CU\u00d1ADO ESPA\u00d1A guarantees that the data will be treated with the purpose of maintaining the opportune commercial and promotional relations on the services of this company, with you or the entity that you represent.<\/p>\n<p>Nevertheless, you can exercise your rights of access, rectify, delete or oppose provided in the mentioned Regulation, notifying by writing to the Data Protection Officer located at C\/ Camino del Olivar n\u00ba 2 (esq. C\/ M\u00e9xico) 28806 Alcal\u00e1 de Henares \u2013 Madrid (Spain) or to the email address <a href=\"mailto:dpo@grupocunado.es\">dpo@grupocunado.es<\/a><\/p>\n<p>Our policy regarding email focuses on sending only communications that you have requested to receive. If you prefer not to receive these messages by email, we will offer you the possibility to exercise your right to not receive the receipt of these messages, in accordance with the provisions of Title III, article 22 of Law 34 \/ 2002 of Services for the Information Society and Electronic Commerce. By sending the word \u201cBAJA\u201d (UNSUSCRIBE) to the email address <a href=\"mailto:rgpd@grupocunado.es\">rgpd@grupocunado.es<\/a><\/p>\n<h4>6.- Cookies policy.<\/h4>\n<p>The website you are visiting uses cookies to improve navigation and obtain statistical data.<\/p>\n<p>Cookies are text files that are installed on the computer from which this page is accessed and which automatically send information to our server. Cookies are not computer viruses. They do not damage your computer or slow down its operation. You can delete them at any time, or reject them by configuring the navigation program you use.<\/p>\n<p>If you do not wish to receive these cookies, you can set your browser to be rejected. Otherwise, we understand that we have your consent for its installation.<\/p>\n<p>Own cookies, generated by our server. These cookies have different functions:<\/p>\n<p>Authentication cookies: These are used to recognize registered users who have &#8220;logged in&#8221; on a web page. They are the cookies that allow you to access the restricted access sections of the web, in case you have been granted access codes for it.<\/p>\n<p>If you reject your installation or delete them, your access codes will not work correctly.<\/p>\n<p>Interface customization cookies: We use them to a faster connection. They are those that allow you to remember the size of the letter of the text to configure our website automatically according to your preferences during your visit.<\/p>\n<p>If you reject your installation or delete them, browsing our website will not be so simple.<\/p>\n<p>If you have any questions about our cookies policy, please contact us at the email address <a href=\"mailto:rgpd@grupocunado.es\">rgpd@grupocunado.es<\/a>CCCCC<\/p>\n<h4>7.- Intellectual and industrial property.<\/h4>\n<p>All the contents of the page <a href=\"http:\/\/www.grupocunado.es\">www.grupocunado.es<\/a> are the intellectual property of GRUPO CU\u00d1ADO ESPA\u00d1A or third parts and may not be reproduced, copying, pasted, linked, transmitted, distributed or manipulated in any way and for any purpose, without the prior written authorization of GRUPO CU\u00d1ADO ESPA\u00d1A, maintaining at all times the &#8220;copyright&#8221; intact and any other indicator of the intellectual property of the materials or contents. Any use or modification of the Material or of the Contents for any purpose other than that authorized in the General Conditions will be considered a violation of the international laws of &#8220;copyright&#8221;, which protect the author&#8217;s rights.<\/p>\n<h4>8.- Legislation and jurisdiction<\/h4>\n<p>For any litigious issue that concerns the <a href=\"http:\/\/www.grupocunado.es\">www.grupocunado.es<\/a> web site, Spanish legislation will apply, with the Courts and Tribunals of Madrid (Spain).[\/vc_column_text][\/vc_column][\/vc_row]\n","protected":false},"excerpt":{"rendered":"<p>[vc_row][vc_column][vc_column_text] LEGAL NOTICE AND PRIVACY POLICY 1.- Objective and acceptance This legal notice regulates the use of the website www.grupocunado.es which offers you GRUPO CU\u00d1ADO ESPA\u00d1A and email address rgpd@grupocunado.es<\/br> <a href=\"https:\/\/grupocunado.com\/en\/legal-advice\">+ Read more<\/a><\/p>\n","protected":false},"author":1,"featured_media":0,"parent":0,"menu_order":0,"comment_status":"closed","ping_status":"closed","template":"","meta":[],"_links":{"self":[{"href":"https:\/\/grupocunado.com\/en\/wp-json\/wp\/v2\/pages\/2684"}],"collection":[{"href":"https:\/\/grupocunado.com\/en\/wp-json\/wp\/v2\/pages"}],"about":[{"href":"https:\/\/grupocunado.com\/en\/wp-json\/wp\/v2\/types\/page"}],"author":[{"embeddable":true,"href":"https:\/\/grupocunado.com\/en\/wp-json\/wp\/v2\/users\/1"}],"replies":[{"embeddable":true,"href":"https:\/\/grupocunado.com\/en\/wp-json\/wp\/v2\/comments?post=2684"}],"version-history":[{"count":5,"href":"https:\/\/grupocunado.com\/en\/wp-json\/wp\/v2\/pages\/2684\/revisions"}],"predecessor-version":[{"id":3842,"href":"https:\/\/grupocunado.com\/en\/wp-json\/wp\/v2\/pages\/2684\/revisions\/3842"}],"wp:attachment":[{"href":"https:\/\/grupocunado.com\/en\/wp-json\/wp\/v2\/media?parent=2684"}],"curies":[{"name":"wp","href":"https:\/\/api.w.org\/{rel}","templated":true}]}}